{"id":16,"date":"2013-11-09T00:02:06","date_gmt":"2013-11-08T22:02:06","guid":{"rendered":"https:\/\/netlabor.hu\/cavalloni.hu\/?page_id=16"},"modified":"2021-07-22T12:28:44","modified_gmt":"2021-07-22T10:28:44","slug":"a-klub-tortenete","status":"publish","type":"page","link":"https:\/\/cavalloni.hu\/?page_id=16","title":{"rendered":"A klub t\u00f6rt\u00e9nete"},"content":{"rendered":"<h3 align=\"justify\">1. T\u00d6RT\u00c9NET\u00dcNK &#8211; R\u00d6VIDEN<\/h3>\n<p align=\"justify\">A modellez\u0151 szakk\u00f6r 1963. szeptember\u00e9ben alakult az akkori \u00datt\u00f6r\u0151h\u00e1zban. Ez a szakk\u00f6r az alapja a mai egyes\u00fcletnek.<\/p>\n<p align=\"justify\">Szakoszt\u00e1lyi rangot kaptunk m\u00e9g az \u00e9v v\u00e9g\u00e9n &#8211; novemberben.<\/p>\n<p align=\"justify\">\u00d6n\u00e1ll\u00f3 klub lett\u00fcnk 1968. janu\u00e1r 1-el. (MHSZ XVI. ker. \u00datt\u00f6r\u0151h\u00e1z Modellez\u0151 Klub)<\/p>\n<p align=\"justify\">Azokban az \u00e9vekben m\u00e1r felt\u0171n\u00e9st keltett az hogy egy kis \u00fatt\u00f6r\u0151h\u00e1zi modellez\u0151 klub a megyei vezet\u0151s\u00e9gek mellett m\u0171k\u00f6d\u0151 klubokkal egy szintre tudott emelkedni &#8211; eredm\u00e9nyei alapj\u00e1n. Ekkor soroltak be minket az &#8220;A&#8221; t\u00edpus\u00fa klubok k\u00f6z\u00e9 (Ez a besorol\u00e1s a modellez\u0151 szervezetek k\u00f6z\u00f6tt az NB-1-et jelentette &#8211; a t\u00f6bb mint 500 hazai modellez\u0151 szervezet k\u00f6z\u00fcl az els\u0151 12 k\u00f6z\u00f6tt voltunk !)<\/p>\n<p align=\"justify\">Az \u00fatt\u00f6r\u0151h\u00e1z nem tudott anyagilag megfelel\u0151en seg\u00edteni, az MHSZ sem adott az alapanyagokon k\u00edv\u00fcl m\u00e1st, ez\u00e9rt bev\u00e9tel ut\u00e1n n\u00e9zt\u00fcnk m\u00e1r a 70-es \u00e9vek m\u00e1sodik fel\u00e9ben. Enged\u00e9llyel munk\u00e1t v\u00e1llaltunk \u00e9s bev\u00e9tel\u00fcnk &#8211; nyeres\u00e9g\u00fcnk &#8211; volt. Ennek a munkav\u00e9gz\u00e9snek \u00e9rdek\u00e9ben &#8211; amint lehetett, 1987. \u0151sz\u00e9n &#8211; \u00f6n\u00e1ll\u00f3 sportegyes\u00fcletet alak\u00edtottunk akkori vezet\u0151ink nem kis meglepet\u00e9s\u00e9re.<\/p>\n<p align=\"justify\">Mai nev\u00e9n &#8211; a Cavalloni Ferenc Modellez\u0151 Sportegyes\u00fclet &#8211; 1987. december 10-\u00e9n alakult \u00f6n\u00e1ll\u00f3 egyes\u00fclett\u00e9. Alap\u00edt\u00f3ja az MHSZ XVI. ker. \u00datt\u00f6r\u0151h\u00e1z Modellez\u0151 Klubj\u00e1nak 19 tagja volt. Ez az egyes\u00fclet k\u00e9s\u0151bb &#8211; 1991. okt\u00f3ber 1-vel mint jogut\u00f3d &#8211; \u00e1tvette az eg\u00e9sz klubot az MHSZ megsz\u0171ntet\u00e9se miatt.<\/p>\n<p align=\"justify\">A k\u00e9t id\u0151szak k\u00f6z\u00f6tt &#8211; pap\u00edron &#8211; k\u00e9t modellez\u0151 szervezet m\u0171k\u00f6d\u00f6tt egy\u00fctt: a XVI. ker. \u00datt\u00f6r\u0151h\u00e1z Modellez\u0151 Klubja, \u00e9s a Cavalloni Ferenc Modellez\u0151 Sportegyes\u00fclet.<\/p>\n<h3 align=\"justify\">2. N\u00c9VAD\u00d3NK: DR. CAVALLONI FERENC<\/h3>\n<p align=\"justify\">Az egyes\u00fclet alakul\u00f3 k\u00f6zgy\u0171l\u00e9s\u00e9n h\u00e1rom javasolt n\u00e9v k\u00f6z\u00fcl v\u00e1lasztotta Cavalloni Ferencet.<br \/>\nR\u00e9szlet tan\u00edtv\u00e1nya, Dr. Benedek Gy\u00f6rgy megeml\u00e9kez\u00e9s\u00e9b\u0151l hal\u00e1l\u00e1nak 50. \u00e9vfordul\u00f3j\u00e1n:<\/p>\n<p align=\"center\">* * * * *<\/p>\n<p align=\"justify\">[&#8230;] Ebben az id\u0151ben a minden \u00faj ir\u00e1nt \u00e9rdekl\u0151d\u0151 fiatals\u00e1g k\u00f6r\u00e9ben k\u00fcl\u00f6n\u00f6s var\u00e1zsa volt a technikai tudom\u00e1nyokat oktat\u00f3 tan\u00e1roknak. \u00c9s ilyen egy\u00e9n volt dr. Cavalloni Ferenc. Tud\u00f3s, kutat\u00f3, tan\u00e1r, oktat\u00f3 \u00e9s ifj\u00fas\u00e1gi vezet\u0151 egy szem\u00e9lyben, lelkesed\u00e9se a fiatal tud\u00f3s szakmai szeretet\u00e9b\u0151l \u00e9s az ifj\u00fas\u00e1g technikai nevel\u00e9se ir\u00e1nti elk\u00f6telezetts\u00e9g\u00e9b\u0151l fakadt.<\/p>\n<p align=\"justify\">De az \u00faj term\u00e9szettudom\u00e1nyos szeml\u00e9lettel csod\u00e1latosan egyes\u00edtette az elm\u00falt kor szellemi \u00e9rt\u00e9keit is &#8211; a matematik\u00e1n \u00e9s fizik\u00e1n k\u00edv\u00fcl latin nyelvet is tan\u00edtott.<\/p>\n<p align=\"justify\">A P\u00e1zm\u00e1ny P\u00e9ter Tudom\u00e1nyegyetem elv\u00e9gz\u00e9se ut\u00e1n megszerezte a fizikai doktori c\u00edmet is, ezut\u00e1n a k\u00e9s\u0151bb vil\u00e1gh\u00edr\u0171v\u00e9 v\u00e1lt Bay Zolt\u00e1n professzor szegedi int\u00e9zet\u00e9ben atomkutat\u00e1ssal foglalkozott, majd a Budapesti Csillagvizsg\u00e1l\u00f3 Int\u00e9zetben dolgozott. Tan\u00e1ri p\u00e1lyafut\u00e1s\u00e1t a budai Toldy gimn\u00e1ziumban 1935-ben kezdte, 1937-t\u0151l pedig a M\u00e1ty\u00e1s gimn\u00e1ziumban folytatta 1938. v\u00e9g\u00e9n bek\u00f6vetkezett hal\u00e1l\u00e1ig.<\/p>\n<p align=\"justify\">Az alkot\u00e1sra a Gondvisel\u00e9st\u0151l igen r\u00f6vid id\u0151t, mind\u00f6ssze \u00f6t \u00e9vet kapott. De ezalatt sz\u00e1mtalan szakcikke, kutat\u00e1si eredm\u00e9nye, tudom\u00e1ny-n\u00e9pszer\u0171s\u00edt\u0151 \u00edr\u00e1sa, lexikoni term\u00e9szettudom\u00e1nyi r\u00e9szmunk\u00e1ja \u00e9s rendszeres tudom\u00e1nyos el\u0151ad\u00e1sai mellett oktat\u00f3filmje jelent meg.<\/p>\n<p align=\"justify\">Ifj\u00fas\u00e1gi technikai nevel\u0151 munk\u00e1ja messze t\u00falhaladt a matematika-fizika tan\u00e1ri k\u00f6telez\u0151 kereteken. Iskol\u00e1iban els\u0151 dolga volt az ifj\u00fas\u00e1gi szakk\u00f6r\u00f6k megalap\u00edt\u00e1sa. Az \u00e1llamilag t\u00e1mogatott, hum\u00e1n be\u00e1ll\u00edtotts\u00e1g\u00fa \u00f6nk\u00e9pz\u0151k\u00f6r\u00f6kt\u0151l f\u00fcggetlen\u00fcl olyan \u00faj szakter\u00fcleteket v\u00e1lasztott, amelyek az ifj\u00fas\u00e1g r\u00e9sz\u00e9r\u0151l nagy \u00e9rdekl\u0151d\u00e9sre tarthattak sz\u00e1mot, els\u0151sorban a rep\u00fcl\u00e9st illetve a rep\u00fcl\u0151modellez\u00e9st.<\/p>\n<p align=\"justify\">Egykori di\u00e1kjait lebilincselte az a m\u00f3d, ahogyan a l\u00e9ger\u0151tan rejtelmeit mag\u00e1t\u00f3l \u00e9rtet\u0151d\u0151v\u00e9 tette k\u00eds\u00e9rletekben, oktat\u00f3filmen, rep\u00fcl\u0151modellek \u00e9p\u00edt\u00e9s\u00e9ben \u00e9s gyakorlati rep\u00edt\u00e9s\u00e9ben.<\/p>\n<p align=\"center\">* * *<\/p>\n<p align=\"justify\">Dr. Cavalloni Ferenc a j\u00f6v\u0151 \u00e9vben lenne 80 \u00e9ves, de imm\u00e1r f\u00e9l \u00e9vsz\u00e1zada s\u00edrban pihen. Eml\u00e9kezz\u00fcnk h\u00e1l\u00e1val \u00e9s tisztelettel r\u00f6vid \u00e9let\u00e9nek \u00e1ldozatos munk\u00e1j\u00e1ra, mellyel kis n\u00e9p\u00fcnk fiatal gener\u00e1ci\u00f3j\u00e1t l\u00e1tnoki k\u00e9pess\u00e9ggel igyekezett az \u00f6r\u00f6k emberi \u00e9rt\u00e9kek megbecs\u00fcl\u00e9se mellett a j\u00f6v\u0151 sz\u00e1zad m\u0171szaki kih\u00edv\u00e1sainak megold\u00e1s\u00e1ra nevelni.<\/p>\n<p align=\"justify\">Budapest, 1988. december 10.<\/p>\n<p align=\"right\">Dr. Benedek Gy\u00f6rgy<\/p>\n<p align=\"center\">* * * * *<\/p>\n<h3 align=\"justify\">3. L\u00c9TSZ\u00c1MUNK ALAKUL\u00c1SA:<\/h3>\n<p align=\"justify\">1963 -1968-ig csak a minden \u0151sszel jelentkez\u0151 szakk\u00f6ri tagok voltak tagjaink. Ekkor a l\u00e9tsz\u00e1m \u00e9venk\u00e9nt kb. 40 f\u0151 volt. (A legt\u00f6bb jelentkez\u0151 az egyik \u00e9vben 140(!) f\u0151 volt, &#8211; le is morzsol\u00f3dott legnagyobb r\u00e9sz\u00fck.)<\/p>\n<p align=\"justify\">Nyilv\u00e1ntartott l\u00e9tsz\u00e1munk csak \u00f6n\u00e1ll\u00f3 klubb\u00e1 alakul\u00e1sunk \u00f3ta van, 1968-74 k\u00f6z\u00f6tti l\u00e9tsz\u00e1m adatainkat csak iratt\u00e1ri anyagokb\u00f3l hosszas keres\u00e9s ut\u00e1n tudjuk megadni.<\/p>\n<p align=\"justify\">1996-ig a p\u00e1rtol\u00f3 tag fogalmat nem ismert\u00fck, az \u00f6sszesen egyenl\u0151 a versenyz\u0151k l\u00e9tsz\u00e1m\u00e1val.<\/p>\n","protected":false},"excerpt":{"rendered":"<p>1. T\u00d6RT\u00c9NET\u00dcNK &#8211; R\u00d6VIDEN A modellez\u0151 szakk\u00f6r 1963. szeptember\u00e9ben alakult az akkori \u00datt\u00f6r\u0151h\u00e1zban. Ez a szakk\u00f6r az alapja a mai egyes\u00fcletnek. Szakoszt\u00e1lyi rangot kaptunk m\u00e9g az \u00e9v v\u00e9g\u00e9n &#8211; novemberben. \u00d6n\u00e1ll\u00f3 klub lett\u00fcnk 1968. janu\u00e1r 1-el. (MHSZ XVI. ker. \u00datt\u00f6r\u0151h\u00e1z Modellez\u0151 Klub) Azokban az \u00e9vekben m\u00e1r felt\u0171n\u00e9st keltett az hogy egy kis \u00fatt\u00f6r\u0151h\u00e1zi modellez\u0151 klub &hellip; <\/p>\n<p class=\"link-more\"><a href=\"https:\/\/cavalloni.hu\/?page_id=16\" class=\"more-link\"><span class=\"screen-reader-text\">&#8220;A klub t\u00f6rt\u00e9nete&#8221;<\/span> b\u0151vebben<\/a><\/p>\n","protected":false},"author":1,"featured_media":0,"parent":74,"menu_order":0,"comment_status":"closed","ping_status":"closed","template":"","meta":[],"_links":{"self":[{"href":"https:\/\/cavalloni.hu\/index.php?rest_route=\/wp\/v2\/pages\/16"}],"collection":[{"href":"https:\/\/cavalloni.hu\/index.php?rest_route=\/wp\/v2\/pages"}],"about":[{"href":"https:\/\/cavalloni.hu\/index.php?rest_route=\/wp\/v2\/types\/page"}],"author":[{"embeddable":true,"href":"https:\/\/cavalloni.hu\/index.php?rest_route=\/wp\/v2\/users\/1"}],"replies":[{"embeddable":true,"href":"https:\/\/cavalloni.hu\/index.php?rest_route=%2Fwp%2Fv2%2Fcomments&post=16"}],"version-history":[{"count":2,"href":"https:\/\/cavalloni.hu\/index.php?rest_route=\/wp\/v2\/pages\/16\/revisions"}],"predecessor-version":[{"id":18,"href":"https:\/\/cavalloni.hu\/index.php?rest_route=\/wp\/v2\/pages\/16\/revisions\/18"}],"up":[{"embeddable":true,"href":"https:\/\/cavalloni.hu\/index.php?rest_route=\/"}],"wp:attachment":[{"href":"https:\/\/cavalloni.hu\/index.php?rest_route=%2Fwp%2Fv2%2Fmedia&parent=16"}],"curies":[{"name":"wp","href":"https:\/\/api.w.org\/{rel}","templated":true}]}}